{"id":987615826,"date":"2025-06-03T14:10:41","date_gmt":"2025-06-03T12:10:41","guid":{"rendered":"https:\/\/www.cesyco.com\/rechtliche-hinweise\/"},"modified":"2025-10-23T09:16:45","modified_gmt":"2025-10-23T07:16:45","slug":"rechtliche-hinweise","status":"publish","type":"page","link":"https:\/\/www.cesyco.com\/de\/rechtliche-hinweise\/","title":{"rendered":"Rechtliche Hinweise"},"content":{"rendered":"<p>[et_pb_section fb_built=&#8220;1&#8243; _builder_version=&#8220;4.27.4&#8243; _module_preset=&#8220;default&#8220; custom_padding=&#8220;46px||0px|||&#8220; global_colors_info=&#8220;{}&#8220;][et_pb_row _builder_version=&#8220;4.27.4&#8243; _module_preset=&#8220;default&#8220; global_colors_info=&#8220;{}&#8220;][et_pb_column type=&#8220;4_4&#8243; _builder_version=&#8220;4.27.4&#8243; _module_preset=&#8220;default&#8220; global_colors_info=&#8220;{}&#8220;][dnxte_text_highlight highlight_text=&#8220;Mentions l\u00e9gales :&#8220; stroke_color=&#8220;#a43327&#8243; _builder_version=&#8220;4.27.4&#8243; _module_preset=&#8220;default&#8220; heading_fonts_font=&#8220;Arimo||||||||&#8220; heading_fonts_font_size=&#8220;30px&#8220; animation_fonts_font=&#8220;Arimo|||on|||||&#8220; animation_fonts_font_size=&#8220;30px&#8220; global_colors_info=&#8220;{}&#8220;][\/dnxte_text_highlight][et_pb_text _builder_version=&#8220;4.27.4&#8243; _module_preset=&#8220;default&#8220; text_font=&#8220;Roboto||||||||&#8220; header_3_font=&#8220;Arimo||||||||&#8220; header_4_font=&#8220;Arimo||||||||&#8220; hover_enabled=&#8220;0&#8243; global_colors_info=&#8220;{}&#8220; sticky_enabled=&#8220;0&#8243;]<\/p>\n<h3 data-fontsize=\"34\" data-lineheight=\"34px\" class=\"fusion-responsive-typography-calculated\">Herausgabe der Website<\/h3>\n<p>Verantwortlich f\u00fcr die Ver\u00f6ffentlichung: Philippe DECRETTE<\/p>\n<p>Erstellung der Website:<span> Manon GERMAIN<\/span><\/p>\n<p>Webhoster:<span> <\/span> WP<a href=\"https:\/\/www.wpserveur.net\/\">Serveur<\/a><\/p>\n<h3 data-fontsize=\"34\" data-lineheight=\"34px\" class=\"fusion-responsive-typography-calculated\">Unsere Kontaktdaten<\/h3>\n<p>Hauptsitz: ZA de Vaubesnard, B\u00e2timent B, 91410 Dourdan, FRANCE<br \/>Tel: +33 160 810 500<br \/>Mail: info@cesyco.com<\/p>\n<p>Rechtsform SARL mit einem Kapital von 4 0000\u20ac Euros<\/p>\n<p>RCS EVRY &#8211; SIRET 450 338 652 00024 &#8211; APE: 333Z<\/p>\n<p>EU-Umsatzsteuer-Nr.: FR 65 450 338 652<\/p>\n<h3 data-fontsize=\"34\" data-lineheight=\"34px\" class=\"fusion-responsive-typography-calculated\">Urheberrechte<\/h3>\n<p>Bildnachweis: Cesyco &amp; <a href=\"https:\/\/xavierwatel.com\/photographe\">Xavier Watel<\/a><br \/>Logo: Cesyco &amp; <a href=\"https:\/\/www.nolwenn-lapalettecreative.com\/\">Nolwenn Duperray<\/a><br \/>Website-Texte: Cesyco<\/p>\n<p>Alle Inhalte dieser Website sind Eigentum von CESYCO oder der ausdr\u00fccklich genannten Personen und Dritten.<\/p>\n<p>Jede teilweise oder vollst\u00e4ndige Vervielf\u00e4ltigung dieser Website ist strengstens untersagt. Jeder Zuwiderhandelnde wird wegen F\u00e4lschung strafrechtlich verfolgt. <\/p>\n<p>Der gesamte Inhalt dieser Website unterliegt der franz\u00f6sischen und internationalen Gesetzgebung zum Urheberrecht und zum geistigen Eigentum. Die Vervielf\u00e4ltigung der gesamten oder eines Teils dieser Website ist strengstens untersagt, einschlie\u00dflich der Texte der Website, der herunterladbaren Dokumente, der visuellen Illustrationen und der Fotografien. <\/p>\n<p>Die Marken, Logos, Kennzeichen oder Namen von Drittunternehmen, die auf der Website erscheinen, sind von ihren jeweiligen Eigent\u00fcmern gesch\u00fctzt und d\u00fcrfen ohne deren vorherige Genehmigung nicht f\u00fcr irgendeinen Zweck verwendet werden.<\/p>\n<h3 data-fontsize=\"34\" data-lineheight=\"34px\" class=\"fusion-responsive-typography-calculated\">Marken<\/h3>\n<p>CESYCO \u00a9 ist eine beim INPI eingetragene Marke.<\/p>\n<p>Jede auch nur teilweise Vervielf\u00e4ltigung, Verbreitung, \u00c4nderung, Anpassung, Weiterleitung oder Ver\u00f6ffentlichung dieser verschiedenen Elemente ist ohne die ausdr\u00fcckliche schriftliche Genehmigung des Eigent\u00fcmers dieser Website strengstens untersagt. Diese Darstellung oder Vervielf\u00e4ltigung, gleichg\u00fcltig durch welches Verfahren, stellt eine F\u00e4lschung dar, die gem\u00e4\u00df Artikel L.335-2 ff. des Gesetzes \u00fcber geistiges Eigentum geahndet wird. Die Nichtbeachtung dieses Verbots stellt eine F\u00e4lschung dar, f\u00fcr die der F\u00e4lscher zivil- und strafrechtlich haftbar gemacht werden kann. Dar\u00fcber hinaus k\u00f6nnten die Eigent\u00fcmer der kopierten Inhalte rechtliche Schritte gegen Sie einleiten.   <\/p>\n<h3 data-fontsize=\"34\" data-lineheight=\"34px\" class=\"fusion-responsive-typography-calculated\">Hyperlinks<\/h3>\n<p>Die auf dieser Website eingerichteten Hypertext-Links k\u00f6nnen den Nutzer auf die Websites verschiedener Partner f\u00fchren. Es wird darauf hingewiesen, dass CESYCO nicht alle eventuell mit seiner Seite verbundenen Seiten, deren Inhalt und die dort enthaltenen Informationen \u00fcberpr\u00fcft hat und den Nutzer auffordert, auf eigene Verantwortung die Konformit\u00e4t, Genauigkeit, Vollst\u00e4ndigkeit und\/oder Rechtm\u00e4\u00dfigkeit der Informationen und\/oder Inhalte, auf die er auf diesen Seiten Zugriff hat, zu validieren. <\/p>\n<p>CESYCO \u00fcbernimmt daher keine Verantwortung f\u00fcr die Inhalte und Dienstleistungen, die auf den Websites angeboten werden, zu denen sie \u00fcber Hyperlinks von dieser Website aus Zugang haben, und f\u00fcr die Nutzung dieser Websites durch den Nutzer. Die Nutzung dieser Websites durch den Nutzer unterliegt seiner alleinigen Verantwortung. <\/p>\n<p>Nutzer, Abonnenten und Besucher der Websites von d\u00fcrfen ohne die ausdr\u00fcckliche vorherige Genehmigung von CESYCO keinen Hyperlink zu dieser Website einrichten. CESYCO beh\u00e4lt sich das Recht vor, einen Hyperlink ohne Angabe von Gr\u00fcnden zu akzeptieren oder abzulehnen.<\/p>\n<h3 data-fontsize=\"34\" data-lineheight=\"34px\" class=\"fusion-responsive-typography-calculated\">Vertraulichkeit der pers\u00f6nlichen Daten<\/h3>\n<p>Gem\u00e4\u00df den Bestimmungen des<span> <\/span><a href=\"http:\/\/www.legifrance.gouv.fr\/affichTexte.do?cidTexte=JORFTEXT000000886460\">Gesetz Nr. 78-17 vom 6. Januar 1978 \u00fcber Informatik, Dateien und Freiheiten<\/a><span> <\/span>Es werden keine pers\u00f6nlichen Informationen ohne Ihr Wissen gesammelt oder an Dritte weitergegeben. Sie haben ein Recht auf Zugang, Berichtigung und Widerspruch zu den Sie betreffenden Daten, das Sie aus\u00fcben k\u00f6nnen, indem Sie sich \u00fcber die Kontaktseite dieser Website an den Eigent\u00fcmer der Website wenden. <\/p>\n<h3 data-fontsize=\"34\" data-lineheight=\"34px\" class=\"fusion-responsive-typography-calculated\">Bedingungen f\u00fcr die Nutzung<\/h3>\n<p>CESYCO unternimmt alle Anstrengungen, um den Nutzern verf\u00fcgbare und gepr\u00fcfte Informationen und\/oder Werkzeuge zur Verf\u00fcgung zu stellen, kann jedoch nicht f\u00fcr Fehler, fehlende Verf\u00fcgbarkeit von Informationen und\/oder das Vorhandensein von Viren auf seiner Website haftbar gemacht werden.<\/p>\n<p>Die Informationen auf dieser Website sind nicht ersch\u00f6pfend und die Fotos sind nicht vertraglich bindend. Sie werden unter Vorbehalt von \u00c4nderungen gegeben, die seit ihrer Online-Ver\u00f6ffentlichung vorgenommen wurden. Dar\u00fcber hinaus sind alle auf dieser Website enthaltenen Informationen nur f\u00fcr die \u00d6ffentlichkeit bestimmt.  <strong> <\/strong>sind unverbindlich und k\u00f6nnen sich ohne Vorank\u00fcndigung \u00e4ndern oder weiterentwickeln.<\/p>\n<h3 data-fontsize=\"34\" data-lineheight=\"34px\" class=\"fusion-responsive-typography-calculated\">Cookies<\/h3>\n<p>Der Nutzer wird dar\u00fcber informiert, dass bei seinen Besuchen auf der Website automatisch ein Cookie auf seiner Navigationssoftware installiert werden kann. Ein Cookie ist ein Datenblock, mit dem der Nutzer nicht identifiziert werden kann, der aber dazu dient, Informationen \u00fcber seine Navigation auf der Website zu speichern. Cookies k\u00f6nnen verwendet werden, um den Nutzern den Zugang zu ihren Konten zu erleichtern sowie um Werbebanner und E-Mail-Angebote anzuzeigen, die auf die Art und Weise, wie die Nutzer im Internet surfen, zugeschnitten sind.  <\/p>\n<p>Durch die Einstellung der Browser-Software k\u00f6nnen Sie \u00fcber das Vorhandensein von Cookies informiert werden und diese eventuell ablehnen.<\/p>\n<p>Jeder Nutzer kann der Speicherung von Informationen \u00fcber seine Navigation auf der Website widersprechen, indem er seinen Browser entsprechend konfiguriert (im Men\u00fc \u201eExtras Optionen\u201c von Mozilla Firefox oder Internet Explorer oder in der Rubrik \u201eHilfe\u201c in der Symbolleiste des Browsers). Die Verwaltung von Cookies kann auch auf die Weise erfolgen, die von der CNIL unter der folgenden Adresse beschrieben wird: <span> <\/span><a href=\"https:\/\/www.cnil.fr\/fr\/cookies-les-outils-pour-les-maitriser\">https:\/\/www.cnil.fr\/fr\/cookies-les-outils-pour-les-maitrise.<\/a><\/p>\n<p>Der Nutzer wird darauf hingewiesen, dass die Website \u00fcber Hyperlinks Zugang zu Websites von Dritten oder sozialen Netzwerken bieten kann, die m\u00f6glicherweise ihre eigenen Richtlinien zur Verwaltung von Cookies verwenden, um die Navigation ihrer Besucher nachzuverfolgen.<\/p>\n<h3 data-fontsize=\"34\" data-lineheight=\"34px\" class=\"fusion-responsive-typography-calculated\">Vertragliche Beschr\u00e4nkungen von Daten<\/h3>\n<p>Die Informationen auf dieser Website sind so genau wie m\u00f6glich und die Website wird zu verschiedenen Zeiten des Jahres aktualisiert, kann aber dennoch Ungenauigkeiten oder Auslassungen enthalten. Wenn Sie eine L\u00fccke, einen Fehler oder eine scheinbare Fehlfunktion feststellen, teilen Sie dies bitte dem Eigent\u00fcmer dieser Website per E-Mail \u00fcber die Seite Kontakt mit und beschreiben Sie das Problem so genau wie m\u00f6glich (Seite, die das Problem verursacht, Art des verwendeten Computers und Browsers, &#8230;). <\/p>\n<p>Alle heruntergeladenen Inhalte erfolgen auf Risiko und unter der alleinigen Verantwortung des Nutzers. Folglich kann die Website nicht f\u00fcr Sch\u00e4den am Computer des Nutzers oder f\u00fcr Datenverluste infolge des Downloads haftbar gemacht werden. Dar\u00fcber hinaus verpflichtet sich der Nutzer der Website, auf die Website mit einer aktuellen Hardware zuzugreifen, die keine Viren enth\u00e4lt, und mit einem Browser der neuesten Generation, der auf dem neuesten Stand ist.  <\/p>\n<h3 data-fontsize=\"34\" data-lineheight=\"34px\" class=\"fusion-responsive-typography-calculated\">Streitigkeiten<\/h3>\n<p>Die vorliegenden Bedingungen dieser Website unterliegen den franz\u00f6sischen Gesetzen und alle Streitigkeiten, die sich aus der Auslegung oder Ausf\u00fchrung dieser Bedingungen ergeben k\u00f6nnten, unterliegen der ausschlie\u00dflichen Zust\u00e4ndigkeit des Gerichts von EVRY. Die Referenzsprache f\u00fcr die Beilegung eventueller Streitigkeiten ist Franz\u00f6sisch. <\/p>\n<p>[\/et_pb_text][\/et_pb_column][\/et_pb_row][\/et_pb_section]<\/p>\n","protected":false},"excerpt":{"rendered":"<p><div class=\"et_pb_module dnxte_text_highlight dnxte_text_highlight_0\">\n\t\t\t\t\n\t\t\t\t\n\t\t\t\t\n\t\t\t\t\n\t\t\t\t\n\t\t\t\t\n\t\t\t\t<div class=\"et_pb_module_inner\">\n\t\t\t\t\t<h2 class=\"dnxt-highlight-intro  \">\n\t\t\t\t\t\n\t\t\t\t\t<span class=\"dnxt-text-highlight-animated-wrapper\">\n\t\t\t\t\t\t<span class=\"dnxt-text-highlight dnxt-text-highlight-animated-text\">Mentions l\u00e9gales :<\/span>\n\t\t\t\t\t\t<span><svg xmlns=\"http:\/\/www.w3.org\/2000\/svg\" viewBox=\"0 0 500 150\" preserveAspectRatio=\"none\"><path d=\"M7.7,145.6C109,125,299.9,116.2,401,121.3c42.1,2.2,87.6,11.8,87.3,25.7\"><\/path><\/svg><\/span>\n\t\t\t\t\t<\/span>\n\t\t\t\t\t\n\t\t\t<\/h2>\n\t\t\t\t<\/div>\n\t\t\t<\/div>Herausgabe der Website Verantwortlich f\u00fcr die Ver\u00f6ffentlichung: Philippe DECRETTE Erstellung der Website: Manon GERMAIN Webhoster: WPServeur Unsere Kontaktdaten Hauptsitz: ZA de Vaubesnard, B\u00e2timent B, 91410 Dourdan, FRANCETel: +33 160 810 500Mail: info@cesyco.com Rechtsform SARL mit einem Kapital von 4 0000\u20ac Euros RCS EVRY &#8211; [&hellip;]<\/p>\n","protected":false},"author":6,"featured_media":0,"parent":0,"menu_order":0,"comment_status":"closed","ping_status":"closed","template":"","meta":{"_et_pb_use_builder":"on","_et_pb_old_content":"","_et_gb_content_width":"","footnotes":""},"class_list":["post-987615826","page","type-page","status-publish","hentry"],"yoast_head":"<!-- This site is optimized with the Yoast SEO Premium plugin v26.9 (Yoast SEO v27.4) - https:\/\/yoast.com\/product\/yoast-seo-premium-wordpress\/ -->\n<title>Rechtliche Hinweise - Cesyco<\/title>\n<meta name=\"description\" content=\"Lesen Sie die rechtlichen Hinweise der CESYCO-Website: Herausgeber, geistiges Eigentum und Nutzungsbedingungen.\" \/>\n<meta name=\"robots\" content=\"index, follow, max-snippet:-1, max-image-preview:large, max-video-preview:-1\" \/>\n<link rel=\"canonical\" href=\"https:\/\/www.cesyco.com\/de\/rechtliche-hinweise\/\" \/>\n<meta property=\"og:locale\" content=\"de_DE\" \/>\n<meta property=\"og:type\" content=\"article\" \/>\n<meta property=\"og:title\" content=\"Rechtliche Hinweise\" \/>\n<meta property=\"og:description\" content=\"Lesen Sie die rechtlichen Hinweise der CESYCO-Website: Herausgeber, geistiges Eigentum und Nutzungsbedingungen.\" \/>\n<meta property=\"og:url\" content=\"https:\/\/www.cesyco.com\/de\/rechtliche-hinweise\/\" \/>\n<meta property=\"og:site_name\" content=\"Cesyco\" \/>\n<meta property=\"article:modified_time\" content=\"2025-10-23T07:16:45+00:00\" \/>\n<meta property=\"og:image\" content=\"https:\/\/www.cesyco.com\/wp-content\/uploads\/2025\/02\/Conditionnement-2-scaled.jpg\" \/>\n\t<meta property=\"og:image:width\" content=\"2560\" \/>\n\t<meta property=\"og:image:height\" content=\"1707\" \/>\n\t<meta property=\"og:image:type\" content=\"image\/jpeg\" \/>\n<script type=\"application\/ld+json\" class=\"yoast-schema-graph\">{\"@context\":\"https:\\\/\\\/schema.org\",\"@graph\":[{\"@type\":\"WebPage\",\"@id\":\"https:\\\/\\\/www.cesyco.com\\\/de\\\/rechtliche-hinweise\\\/\",\"url\":\"https:\\\/\\\/www.cesyco.com\\\/de\\\/rechtliche-hinweise\\\/\",\"name\":\"Rechtliche Hinweise - Cesyco\",\"isPartOf\":{\"@id\":\"https:\\\/\\\/www.cesyco.com\\\/de\\\/#website\"},\"datePublished\":\"2025-06-03T12:10:41+00:00\",\"dateModified\":\"2025-10-23T07:16:45+00:00\",\"description\":\"Lesen Sie die rechtlichen Hinweise der CESYCO-Website: Herausgeber, geistiges Eigentum und Nutzungsbedingungen.\",\"breadcrumb\":{\"@id\":\"https:\\\/\\\/www.cesyco.com\\\/de\\\/rechtliche-hinweise\\\/#breadcrumb\"},\"inLanguage\":\"de\",\"potentialAction\":[{\"@type\":\"ReadAction\",\"target\":[\"https:\\\/\\\/www.cesyco.com\\\/de\\\/rechtliche-hinweise\\\/\"]}]},{\"@type\":\"BreadcrumbList\",\"@id\":\"https:\\\/\\\/www.cesyco.com\\\/de\\\/rechtliche-hinweise\\\/#breadcrumb\",\"itemListElement\":[{\"@type\":\"ListItem\",\"position\":1,\"name\":\"Home\",\"item\":\"https:\\\/\\\/www.cesyco.com\\\/de\\\/startseite\\\/\"},{\"@type\":\"ListItem\",\"position\":2,\"name\":\"Rechtliche Hinweise\"}]},{\"@type\":\"WebSite\",\"@id\":\"https:\\\/\\\/www.cesyco.com\\\/de\\\/#website\",\"url\":\"https:\\\/\\\/www.cesyco.com\\\/de\\\/\",\"name\":\"Cesyco\",\"description\":\"High Temperature Industrial Endoscopy\",\"publisher\":{\"@id\":\"https:\\\/\\\/www.cesyco.com\\\/de\\\/#organization\"},\"potentialAction\":[{\"@type\":\"SearchAction\",\"target\":{\"@type\":\"EntryPoint\",\"urlTemplate\":\"https:\\\/\\\/www.cesyco.com\\\/de\\\/?s={search_term_string}\"},\"query-input\":{\"@type\":\"PropertyValueSpecification\",\"valueRequired\":true,\"valueName\":\"search_term_string\"}}],\"inLanguage\":\"de\"},{\"@type\":\"Organization\",\"@id\":\"https:\\\/\\\/www.cesyco.com\\\/de\\\/#organization\",\"name\":\"CESYCO\",\"alternateName\":\"CESYCO\",\"url\":\"https:\\\/\\\/www.cesyco.com\\\/de\\\/\",\"logo\":{\"@type\":\"ImageObject\",\"inLanguage\":\"de\",\"@id\":\"https:\\\/\\\/www.cesyco.com\\\/de\\\/#\\\/schema\\\/logo\\\/image\\\/\",\"url\":\"https:\\\/\\\/www.cesyco.com\\\/wp-content\\\/uploads\\\/2025\\\/05\\\/CESYCO_Logo-vertical-baseline.png\",\"contentUrl\":\"https:\\\/\\\/www.cesyco.com\\\/wp-content\\\/uploads\\\/2025\\\/05\\\/CESYCO_Logo-vertical-baseline.png\",\"width\":1983,\"height\":2107,\"caption\":\"CESYCO\"},\"image\":{\"@id\":\"https:\\\/\\\/www.cesyco.com\\\/de\\\/#\\\/schema\\\/logo\\\/image\\\/\"},\"sameAs\":[\"https:\\\/\\\/www.linkedin.com\\\/company\\\/cesyco\\\/\",\"https:\\\/\\\/www.youtube.com\\\/@cesyco\"],\"email\":\"info@cesyco.com\",\"telephone\":\"0160810500\",\"legalName\":\"CESYCO\",\"vatID\":\"FR65450338652\",\"taxID\":\"45033865200024\",\"numberOfEmployees\":{\"@type\":\"QuantitativeValue\",\"minValue\":\"11\",\"maxValue\":\"50\"}}]}<\/script>\n<!-- \/ Yoast SEO Premium plugin. -->","yoast_head_json":{"title":"Rechtliche Hinweise - Cesyco","description":"Lesen Sie die rechtlichen Hinweise der CESYCO-Website: Herausgeber, geistiges Eigentum und Nutzungsbedingungen.","robots":{"index":"index","follow":"follow","max-snippet":"max-snippet:-1","max-image-preview":"max-image-preview:large","max-video-preview":"max-video-preview:-1"},"canonical":"https:\/\/www.cesyco.com\/de\/rechtliche-hinweise\/","og_locale":"de_DE","og_type":"article","og_title":"Rechtliche Hinweise","og_description":"Lesen Sie die rechtlichen Hinweise der CESYCO-Website: Herausgeber, geistiges Eigentum und Nutzungsbedingungen.","og_url":"https:\/\/www.cesyco.com\/de\/rechtliche-hinweise\/","og_site_name":"Cesyco","article_modified_time":"2025-10-23T07:16:45+00:00","og_image":[{"width":2560,"height":1707,"url":"https:\/\/www.cesyco.com\/wp-content\/uploads\/2025\/02\/Conditionnement-2-scaled.jpg","type":"image\/jpeg"}],"schema":{"@context":"https:\/\/schema.org","@graph":[{"@type":"WebPage","@id":"https:\/\/www.cesyco.com\/de\/rechtliche-hinweise\/","url":"https:\/\/www.cesyco.com\/de\/rechtliche-hinweise\/","name":"Rechtliche Hinweise - Cesyco","isPartOf":{"@id":"https:\/\/www.cesyco.com\/de\/#website"},"datePublished":"2025-06-03T12:10:41+00:00","dateModified":"2025-10-23T07:16:45+00:00","description":"Lesen Sie die rechtlichen Hinweise der CESYCO-Website: Herausgeber, geistiges Eigentum und Nutzungsbedingungen.","breadcrumb":{"@id":"https:\/\/www.cesyco.com\/de\/rechtliche-hinweise\/#breadcrumb"},"inLanguage":"de","potentialAction":[{"@type":"ReadAction","target":["https:\/\/www.cesyco.com\/de\/rechtliche-hinweise\/"]}]},{"@type":"BreadcrumbList","@id":"https:\/\/www.cesyco.com\/de\/rechtliche-hinweise\/#breadcrumb","itemListElement":[{"@type":"ListItem","position":1,"name":"Home","item":"https:\/\/www.cesyco.com\/de\/startseite\/"},{"@type":"ListItem","position":2,"name":"Rechtliche Hinweise"}]},{"@type":"WebSite","@id":"https:\/\/www.cesyco.com\/de\/#website","url":"https:\/\/www.cesyco.com\/de\/","name":"Cesyco","description":"High Temperature Industrial Endoscopy","publisher":{"@id":"https:\/\/www.cesyco.com\/de\/#organization"},"potentialAction":[{"@type":"SearchAction","target":{"@type":"EntryPoint","urlTemplate":"https:\/\/www.cesyco.com\/de\/?s={search_term_string}"},"query-input":{"@type":"PropertyValueSpecification","valueRequired":true,"valueName":"search_term_string"}}],"inLanguage":"de"},{"@type":"Organization","@id":"https:\/\/www.cesyco.com\/de\/#organization","name":"CESYCO","alternateName":"CESYCO","url":"https:\/\/www.cesyco.com\/de\/","logo":{"@type":"ImageObject","inLanguage":"de","@id":"https:\/\/www.cesyco.com\/de\/#\/schema\/logo\/image\/","url":"https:\/\/www.cesyco.com\/wp-content\/uploads\/2025\/05\/CESYCO_Logo-vertical-baseline.png","contentUrl":"https:\/\/www.cesyco.com\/wp-content\/uploads\/2025\/05\/CESYCO_Logo-vertical-baseline.png","width":1983,"height":2107,"caption":"CESYCO"},"image":{"@id":"https:\/\/www.cesyco.com\/de\/#\/schema\/logo\/image\/"},"sameAs":["https:\/\/www.linkedin.com\/company\/cesyco\/","https:\/\/www.youtube.com\/@cesyco"],"email":"info@cesyco.com","telephone":"0160810500","legalName":"CESYCO","vatID":"FR65450338652","taxID":"45033865200024","numberOfEmployees":{"@type":"QuantitativeValue","minValue":"11","maxValue":"50"}}]}},"jetpack_sharing_enabled":true,"jetpack_shortlink":"https:\/\/wp.me\/PgdVRH-14PVZw","_links":{"self":[{"href":"https:\/\/www.cesyco.com\/de\/wp-json\/wp\/v2\/pages\/987615826","targetHints":{"allow":["GET"]}}],"collection":[{"href":"https:\/\/www.cesyco.com\/de\/wp-json\/wp\/v2\/pages"}],"about":[{"href":"https:\/\/www.cesyco.com\/de\/wp-json\/wp\/v2\/types\/page"}],"author":[{"embeddable":true,"href":"https:\/\/www.cesyco.com\/de\/wp-json\/wp\/v2\/users\/6"}],"replies":[{"embeddable":true,"href":"https:\/\/www.cesyco.com\/de\/wp-json\/wp\/v2\/comments?post=987615826"}],"version-history":[{"count":2,"href":"https:\/\/www.cesyco.com\/de\/wp-json\/wp\/v2\/pages\/987615826\/revisions"}],"predecessor-version":[{"id":987617977,"href":"https:\/\/www.cesyco.com\/de\/wp-json\/wp\/v2\/pages\/987615826\/revisions\/987617977"}],"wp:attachment":[{"href":"https:\/\/www.cesyco.com\/de\/wp-json\/wp\/v2\/media?parent=987615826"}],"curies":[{"name":"wp","href":"https:\/\/api.w.org\/{rel}","templated":true}]}}