{"id":987611082,"date":"2024-12-17T09:33:38","date_gmt":"2024-12-17T08:33:38","guid":{"rendered":"https:\/\/www.cesyco.com\/vm_mentions-legales\/"},"modified":"2025-10-23T09:29:05","modified_gmt":"2025-10-23T07:29:05","slug":"vm_mentions-legales","status":"publish","type":"page","link":"https:\/\/www.cesyco.com\/es\/vm_mentions-legales\/","title":{"rendered":"Informaci\u00f3n jur\u00eddica"},"content":{"rendered":"<p>[et_pb_section fb_built=\u00bb1&#8243; _builder_version=\u00bb4.27.4&#8243; _module_preset=\u00bbdefault\u00bb custom_padding=\u00bb46px||0px|||\u00bb global_colors_info=\u00bb{}\u00bb][et_pb_row _builder_version=\u00bb4.27.4&#8243; _module_preset=\u00bbdefault\u00bb global_colors_info=\u00bb{}\u00bb][et_pb_column type=\u00bb4_4&#8243; _builder_version=\u00bb4.27.4&#8243; _module_preset=\u00bbdefault\u00bb global_colors_info=\u00bb{}\u00bb][dnxte_text_highlight highlight_text=\u00bbMentions l\u00e9gales :\u00bb stroke_color=\u00bb#a43327&#8243; _builder_version=\u00bb4.27.4&#8243; _module_preset=\u00bbdefault\u00bb heading_fonts_font=\u00bbArimo||||||||\u00bb heading_fonts_font_size=\u00bb30px\u00bb animation_fonts_font=\u00bbArimo|||on|||||\u00bb animation_fonts_font_size=\u00bb30px\u00bb global_colors_info=\u00bb{}\u00bb][\/dnxte_text_highlight][et_pb_text _builder_version=\u00bb4.27.4&#8243; _module_preset=\u00bbdefault\u00bb text_font=\u00bbRoboto||||||||\u00bb header_3_font=\u00bbArimo||||||||\u00bb header_4_font=\u00bbArimo||||||||\u00bb hover_enabled=\u00bb0&#8243; global_colors_info=\u00bb{}\u00bb sticky_enabled=\u00bb0&#8243;]<\/p>\n<p>Publicaci\u00f3n de la p\u00e1gina web<\/p>\n<p>Responsable de la publicaci\u00f3n: Philippe DECRETTE<\/p>\n<p>Creaci\u00f3n de la p\u00e1gina web: Manon GERMAIN<\/p>\n<p>Alojamiento: WP Serveur<\/p>\n<p>Nuestros datos de contacto<\/p>\n<p>Sede social: ZA de Vaubesnard, B\u00e2timent B, 91410 Dourdan, FRANCIA<br \/>Tel: +33 160 810 500<br \/>Correo electr\u00f3nico: info@cesyco.com<\/p>\n<p>Forma jur\u00eddica SARL con capital de 4.0000 euros<\/p>\n<p>RCS EVRY &#8211; SIRET 450 338 652 00024 &#8211; APE : 333Z<\/p>\n<p>N\u00ba IVA UE: FR 65 450 338 652<\/p>\n<p>Derechos de autor<\/p>\n<p>Fotos: Cesyco &amp;\u00a0<a href=\"https:\/\/xavierwatel.com\/photographe\">Xavier Watel<\/a><br \/>Logotipo: Cesyco &amp;\u00a0<a href=\"https:\/\/www.nolwenn-lapalettecreative.com\/\">Nolwenn Duperray<\/a><br \/>Textos del sitio web: Cesyco<\/p>\n<p>Todos los contenidos de este sitio web son propiedad de CESYCO o de las personas y terceros expresamente mencionados.<\/p>\n<p>Cualquier reproducci\u00f3n parcial o total de este sitio web est\u00e1 estrictamente prohibida. Cualquier infractor podr\u00e1 ser perseguido por falsificaci\u00f3n.<\/p>\n<p>Todo el contenido de este sitio web est\u00e1 sujeto a la legislaci\u00f3n francesa e internacional sobre derechos de autor y propiedad intelectual. Queda terminantemente prohibida la reproducci\u00f3n total o parcial de este sitio web, incluidos los textos del sitio, los documentos descargables, las ilustraciones visuales y las fotograf\u00edas.<\/p>\n<p>Las marcas, logotipos, signos distintivos o nombres de terceras empresas que aparecen en el sitio web est\u00e1n protegidos por sus respectivos propietarios y no pueden utilizarse para ning\u00fan fin sin su autorizaci\u00f3n previa.<\/p>\n<p>Marcas registradas<\/p>\n<p>CESYCO \u00a9 es una marca registrada.<\/p>\n<p>Cualquier reproducci\u00f3n, distribuci\u00f3n, modificaci\u00f3n, adaptaci\u00f3n, retransmisi\u00f3n o publicaci\u00f3n, incluso parcial, de estos diferentes elementos est\u00e1 estrictamente prohibida sin el consentimiento expreso y por escrito del propietario de este sitio. Dicha representaci\u00f3n o reproducci\u00f3n, por cualquier medio que sea, constituye una infracci\u00f3n sancionada por los art\u00edculos L.335-2 y siguientes del C\u00f3digo franc\u00e9s de la Propiedad Intelectual. El incumplimiento de esta prohibici\u00f3n constituye una infracci\u00f3n que puede comprometer la responsabilidad civil y penal del infractor. Adem\u00e1s, los propietarios del Contenido copiado podr\u00e1n emprender acciones legales contra usted.<\/p>\n<p>Enlaces de hipertexto<\/p>\n<p>Los enlaces de hipertexto establecidos en el presente sitio pueden conducir al usuario a los sitios de diversos socios. Se precisa que el CESYCO no ha verificado todos los sitios que pueden estar vinculados al suyo, su contenido y las informaciones que contienen, e invita al usuario, bajo su responsabilidad, a validar la conformidad, exactitud, exhaustividad y\/o legalidad de las informaciones y\/o contenidos a los que tiene acceso en estos sitios.<\/p>\n<p>Por lo tanto, CESYCO declina toda responsabilidad por el contenido y los servicios ofrecidos en los sitios a los que se acceda mediante hiperv\u00ednculos desde el presente sitio, as\u00ed como por el uso que el usuario haga de los mismos. El usuario es el \u00fanico responsable del uso que haga de estos sitios.<\/p>\n<p>Los usuarios, suscriptores y visitantes de los sitios de Internet de CESYCO no podr\u00e1n establecer un hiperenlace a este sitio sin la autorizaci\u00f3n previa y expresa de CESYCO, que se reserva el derecho de aceptar o rechazar un hiperenlace sin tener que justificar su decisi\u00f3n.<\/p>\n<p>Confidencialidad de los datos personales<\/p>\n<p>De conformidad con las disposiciones de la Ley n\u00ba 78-17 de 6 de enero de 1978 relativa a la inform\u00e1tica, a los ficheros y a las libertades, no se recoge ninguna informaci\u00f3n personal sin su conocimiento ni se transmite a terceros. Usted dispone de un derecho de acceso, rectificaci\u00f3n y oposici\u00f3n a los datos que le conciernen, que puede ejercer poni\u00e9ndose en contacto con el propietario del sitio a trav\u00e9s de la p\u00e1gina Contacto de este sitio.<\/p>\n<p>Condiciones de uso<\/p>\n<p>CESYCO hace todo lo posible por proporcionar a los usuarios informaci\u00f3n y\/o herramientas disponibles y verificadas, pero no se hace responsable de los errores, la falta de disponibilidad de la informaci\u00f3n y\/o la presencia de virus en su sitio.<\/p>\n<p>La informaci\u00f3n contenida en este sitio no es exhaustiva y las fotos no son contractuales. Se facilita sin perjuicio de las modificaciones que puedan haberse producido desde su puesta en l\u00ednea. Adem\u00e1s, toda la informaci\u00f3n contenida en este sitio se facilita a t\u00edtulo orientativo y est\u00e1 sujeta a cambios o evoluciones sin previo aviso.<\/p>\n<p>Cookies<\/p>\n<p>Se informa a los usuarios de que, cuando visiten el sitio, es posible que se instale autom\u00e1ticamente una cookie en su navegador. Una cookie es un bloque de datos que no permite identificar al usuario, pero que se utiliza para registrar informaci\u00f3n relativa a su navegaci\u00f3n por el sitio. Las cookies pueden utilizarse para facilitar el acceso de los usuarios a sus cuentas y para mostrar banners publicitarios y ofertas por correo electr\u00f3nico adaptadas a sus h\u00e1bitos de navegaci\u00f3n.<\/p>\n<p>El usuario puede configurar su navegador para que le informe de la presencia de cookies y rechazarlas si as\u00ed lo desea.<\/p>\n<p>Cualquier usuario puede negarse a que se registre la informaci\u00f3n relativa a su navegaci\u00f3n por el Sitio Web configurando su navegador (en el men\u00fa \u00abopciones de herramientas\u00bb de Mozilla Firefox o Internet Explorer, o en la secci\u00f3n \u00abAyuda\u00bb de la barra de herramientas del navegador). Las cookies tambi\u00e9n pueden gestionarse seg\u00fan lo descrito por la CNIL en la siguiente direcci\u00f3n: https:\/\/www.cnil.fr\/fr\/cookies-les-outils-pour-les-maitrise.<\/p>\n<p>Se informa a los usuarios de que el Sitio Web puede proporcionar acceso, a trav\u00e9s de enlaces de hipertexto, a sitios web o redes sociales de terceros que pueden utilizar sus propias pol\u00edticas de gesti\u00f3n de cookies para rastrear los h\u00e1bitos de navegaci\u00f3n de sus visitantes.<\/p>\n<p>Limitaciones contractuales sobre los datos<\/p>\n<p>La informaci\u00f3n contenida en este sitio web es lo m\u00e1s exacta posible y se actualiza en distintos momentos del a\u00f1o, pero puede contener inexactitudes u omisiones. Si observa alguna laguna, error o lo que parece ser un mal funcionamiento, le rogamos que lo comunique por correo electr\u00f3nico al propietario de este sitio a trav\u00e9s de la p\u00e1gina Contacto, describiendo el problema con la mayor precisi\u00f3n posible (p\u00e1gina que causa el problema, tipo de ordenador y navegador utilizados, etc.).<\/p>\n<p>Cualquier contenido descargado se hace por cuenta y riesgo del usuario y bajo su exclusiva responsabilidad. Por consiguiente, no se aceptar\u00e1 responsabilidad alguna por los da\u00f1os que pueda sufrir el ordenador del usuario ni por la p\u00e9rdida de datos que pueda derivarse de la descarga. Adem\u00e1s, el usuario del sitio se compromete a acceder a \u00e9l utilizando un equipo reciente, libre de virus y con un navegador actualizado de \u00faltima generaci\u00f3n.<\/p>\n<p>Disputas<\/p>\n<p>Los presentes t\u00e9rminos y condiciones de este sitio se rigen por la legislaci\u00f3n francesa y cualquier disputa o litigio que pueda surgir de su interpretaci\u00f3n o ejecuci\u00f3n ser\u00e1 competencia exclusiva del tribunal de EVRY. La lengua de referencia para la resoluci\u00f3n de cualquier litigio ser\u00e1 el franc\u00e9s.<\/p>\n<p>[\/et_pb_text][\/et_pb_column][\/et_pb_row][\/et_pb_section]<\/p>\n","protected":false},"excerpt":{"rendered":"<p><div class=\"et_pb_module dnxte_text_highlight dnxte_text_highlight_0\">\n\t\t\t\t\n\t\t\t\t\n\t\t\t\t\n\t\t\t\t\n\t\t\t\t\n\t\t\t\t\n\t\t\t\t<div class=\"et_pb_module_inner\">\n\t\t\t\t\t<h2 class=\"dnxt-highlight-intro  \">\n\t\t\t\t\t\n\t\t\t\t\t<span class=\"dnxt-text-highlight-animated-wrapper\">\n\t\t\t\t\t\t<span class=\"dnxt-text-highlight dnxt-text-highlight-animated-text\">Mentions l\u00e9gales :<\/span>\n\t\t\t\t\t\t<span><svg xmlns=\"http:\/\/www.w3.org\/2000\/svg\" viewBox=\"0 0 500 150\" preserveAspectRatio=\"none\"><path d=\"M7.7,145.6C109,125,299.9,116.2,401,121.3c42.1,2.2,87.6,11.8,87.3,25.7\"><\/path><\/svg><\/span>\n\t\t\t\t\t<\/span>\n\t\t\t\t\t\n\t\t\t<\/h2>\n\t\t\t\t<\/div>\n\t\t\t<\/div>Publicaci\u00f3n de la p\u00e1gina web Responsable de la publicaci\u00f3n: Philippe DECRETTE Creaci\u00f3n de la p\u00e1gina web: Manon GERMAIN Alojamiento: WP Serveur Nuestros datos de contacto Sede social: ZA de Vaubesnard, B\u00e2timent B, 91410 Dourdan, FRANCIATel: +33 160 810 500Correo electr\u00f3nico: info@cesyco.com Forma jur\u00eddica SARL [&hellip;]<\/p>\n","protected":false},"author":6,"featured_media":0,"parent":0,"menu_order":0,"comment_status":"closed","ping_status":"closed","template":"","meta":{"_et_pb_use_builder":"on","_et_pb_old_content":"","_et_gb_content_width":"","footnotes":""},"class_list":["post-987611082","page","type-page","status-publish","hentry"],"yoast_head":"<!-- This site is optimized with the Yoast SEO Premium plugin v26.9 (Yoast SEO v27.4) - https:\/\/yoast.com\/product\/yoast-seo-premium-wordpress\/ -->\n<title>Informaci\u00f3n jur\u00eddica - Cesyco<\/title>\n<meta name=\"description\" content=\"Consulte las menciones legales del sitio de Cesyco. Informaci\u00f3n sobre el editor, la propiedad intelectual y el uso del contenido.\" \/>\n<meta name=\"robots\" content=\"index, follow, max-snippet:-1, max-image-preview:large, max-video-preview:-1\" \/>\n<link rel=\"canonical\" href=\"https:\/\/www.cesyco.com\/es\/vm_mentions-legales\/\" \/>\n<meta property=\"og:locale\" content=\"es_ES\" \/>\n<meta property=\"og:type\" content=\"article\" \/>\n<meta property=\"og:title\" content=\"Informaci\u00f3n jur\u00eddica\" \/>\n<meta property=\"og:description\" content=\"Consulte las menciones legales del sitio de Cesyco. Informaci\u00f3n sobre el editor, la propiedad intelectual y el uso del contenido.\" \/>\n<meta property=\"og:url\" content=\"https:\/\/www.cesyco.com\/es\/vm_mentions-legales\/\" \/>\n<meta property=\"og:site_name\" content=\"Cesyco\" \/>\n<meta property=\"article:modified_time\" content=\"2025-10-23T07:29:05+00:00\" \/>\n<meta property=\"og:image\" content=\"https:\/\/www.cesyco.com\/wp-content\/uploads\/2025\/02\/Conditionnement-2-scaled.jpg\" \/>\n\t<meta property=\"og:image:width\" content=\"2560\" \/>\n\t<meta property=\"og:image:height\" content=\"1707\" \/>\n\t<meta property=\"og:image:type\" content=\"image\/jpeg\" \/>\n<script type=\"application\/ld+json\" class=\"yoast-schema-graph\">{\"@context\":\"https:\\\/\\\/schema.org\",\"@graph\":[{\"@type\":\"WebPage\",\"@id\":\"https:\\\/\\\/www.cesyco.com\\\/es\\\/vm_mentions-legales\\\/\",\"url\":\"https:\\\/\\\/www.cesyco.com\\\/es\\\/vm_mentions-legales\\\/\",\"name\":\"Informaci\u00f3n jur\u00eddica - Cesyco\",\"isPartOf\":{\"@id\":\"https:\\\/\\\/www.cesyco.com\\\/es\\\/#website\"},\"datePublished\":\"2024-12-17T08:33:38+00:00\",\"dateModified\":\"2025-10-23T07:29:05+00:00\",\"description\":\"Consulte las menciones legales del sitio de Cesyco. Informaci\u00f3n sobre el editor, la propiedad intelectual y el uso del contenido.\",\"breadcrumb\":{\"@id\":\"https:\\\/\\\/www.cesyco.com\\\/es\\\/vm_mentions-legales\\\/#breadcrumb\"},\"inLanguage\":\"es\",\"potentialAction\":[{\"@type\":\"ReadAction\",\"target\":[\"https:\\\/\\\/www.cesyco.com\\\/es\\\/vm_mentions-legales\\\/\"]}]},{\"@type\":\"BreadcrumbList\",\"@id\":\"https:\\\/\\\/www.cesyco.com\\\/es\\\/vm_mentions-legales\\\/#breadcrumb\",\"itemListElement\":[{\"@type\":\"ListItem\",\"position\":1,\"name\":\"Home\",\"item\":\"https:\\\/\\\/www.cesyco.com\\\/es\\\/acogida\\\/\"},{\"@type\":\"ListItem\",\"position\":2,\"name\":\"Informaci\u00f3n jur\u00eddica\"}]},{\"@type\":\"WebSite\",\"@id\":\"https:\\\/\\\/www.cesyco.com\\\/es\\\/#website\",\"url\":\"https:\\\/\\\/www.cesyco.com\\\/es\\\/\",\"name\":\"Cesyco\",\"description\":\"High Temperature Industrial Endoscopy\",\"publisher\":{\"@id\":\"https:\\\/\\\/www.cesyco.com\\\/es\\\/#organization\"},\"potentialAction\":[{\"@type\":\"SearchAction\",\"target\":{\"@type\":\"EntryPoint\",\"urlTemplate\":\"https:\\\/\\\/www.cesyco.com\\\/es\\\/?s={search_term_string}\"},\"query-input\":{\"@type\":\"PropertyValueSpecification\",\"valueRequired\":true,\"valueName\":\"search_term_string\"}}],\"inLanguage\":\"es\"},{\"@type\":\"Organization\",\"@id\":\"https:\\\/\\\/www.cesyco.com\\\/es\\\/#organization\",\"name\":\"CESYCO\",\"alternateName\":\"CESYCO\",\"url\":\"https:\\\/\\\/www.cesyco.com\\\/es\\\/\",\"logo\":{\"@type\":\"ImageObject\",\"inLanguage\":\"es\",\"@id\":\"https:\\\/\\\/www.cesyco.com\\\/es\\\/#\\\/schema\\\/logo\\\/image\\\/\",\"url\":\"https:\\\/\\\/www.cesyco.com\\\/wp-content\\\/uploads\\\/2025\\\/05\\\/CESYCO_Logo-vertical-baseline.png\",\"contentUrl\":\"https:\\\/\\\/www.cesyco.com\\\/wp-content\\\/uploads\\\/2025\\\/05\\\/CESYCO_Logo-vertical-baseline.png\",\"width\":1983,\"height\":2107,\"caption\":\"CESYCO\"},\"image\":{\"@id\":\"https:\\\/\\\/www.cesyco.com\\\/es\\\/#\\\/schema\\\/logo\\\/image\\\/\"},\"sameAs\":[\"https:\\\/\\\/www.linkedin.com\\\/company\\\/cesyco\\\/\",\"https:\\\/\\\/www.youtube.com\\\/@cesyco\"],\"email\":\"info@cesyco.com\",\"telephone\":\"0160810500\",\"legalName\":\"CESYCO\",\"vatID\":\"FR65450338652\",\"taxID\":\"45033865200024\",\"numberOfEmployees\":{\"@type\":\"QuantitativeValue\",\"minValue\":\"11\",\"maxValue\":\"50\"}}]}<\/script>\n<!-- \/ Yoast SEO Premium plugin. -->","yoast_head_json":{"title":"Informaci\u00f3n jur\u00eddica - Cesyco","description":"Consulte las menciones legales del sitio de Cesyco. Informaci\u00f3n sobre el editor, la propiedad intelectual y el uso del contenido.","robots":{"index":"index","follow":"follow","max-snippet":"max-snippet:-1","max-image-preview":"max-image-preview:large","max-video-preview":"max-video-preview:-1"},"canonical":"https:\/\/www.cesyco.com\/es\/vm_mentions-legales\/","og_locale":"es_ES","og_type":"article","og_title":"Informaci\u00f3n jur\u00eddica","og_description":"Consulte las menciones legales del sitio de Cesyco. Informaci\u00f3n sobre el editor, la propiedad intelectual y el uso del contenido.","og_url":"https:\/\/www.cesyco.com\/es\/vm_mentions-legales\/","og_site_name":"Cesyco","article_modified_time":"2025-10-23T07:29:05+00:00","og_image":[{"width":2560,"height":1707,"url":"https:\/\/www.cesyco.com\/wp-content\/uploads\/2025\/02\/Conditionnement-2-scaled.jpg","type":"image\/jpeg"}],"schema":{"@context":"https:\/\/schema.org","@graph":[{"@type":"WebPage","@id":"https:\/\/www.cesyco.com\/es\/vm_mentions-legales\/","url":"https:\/\/www.cesyco.com\/es\/vm_mentions-legales\/","name":"Informaci\u00f3n jur\u00eddica - Cesyco","isPartOf":{"@id":"https:\/\/www.cesyco.com\/es\/#website"},"datePublished":"2024-12-17T08:33:38+00:00","dateModified":"2025-10-23T07:29:05+00:00","description":"Consulte las menciones legales del sitio de Cesyco. Informaci\u00f3n sobre el editor, la propiedad intelectual y el uso del contenido.","breadcrumb":{"@id":"https:\/\/www.cesyco.com\/es\/vm_mentions-legales\/#breadcrumb"},"inLanguage":"es","potentialAction":[{"@type":"ReadAction","target":["https:\/\/www.cesyco.com\/es\/vm_mentions-legales\/"]}]},{"@type":"BreadcrumbList","@id":"https:\/\/www.cesyco.com\/es\/vm_mentions-legales\/#breadcrumb","itemListElement":[{"@type":"ListItem","position":1,"name":"Home","item":"https:\/\/www.cesyco.com\/es\/acogida\/"},{"@type":"ListItem","position":2,"name":"Informaci\u00f3n jur\u00eddica"}]},{"@type":"WebSite","@id":"https:\/\/www.cesyco.com\/es\/#website","url":"https:\/\/www.cesyco.com\/es\/","name":"Cesyco","description":"High Temperature Industrial Endoscopy","publisher":{"@id":"https:\/\/www.cesyco.com\/es\/#organization"},"potentialAction":[{"@type":"SearchAction","target":{"@type":"EntryPoint","urlTemplate":"https:\/\/www.cesyco.com\/es\/?s={search_term_string}"},"query-input":{"@type":"PropertyValueSpecification","valueRequired":true,"valueName":"search_term_string"}}],"inLanguage":"es"},{"@type":"Organization","@id":"https:\/\/www.cesyco.com\/es\/#organization","name":"CESYCO","alternateName":"CESYCO","url":"https:\/\/www.cesyco.com\/es\/","logo":{"@type":"ImageObject","inLanguage":"es","@id":"https:\/\/www.cesyco.com\/es\/#\/schema\/logo\/image\/","url":"https:\/\/www.cesyco.com\/wp-content\/uploads\/2025\/05\/CESYCO_Logo-vertical-baseline.png","contentUrl":"https:\/\/www.cesyco.com\/wp-content\/uploads\/2025\/05\/CESYCO_Logo-vertical-baseline.png","width":1983,"height":2107,"caption":"CESYCO"},"image":{"@id":"https:\/\/www.cesyco.com\/es\/#\/schema\/logo\/image\/"},"sameAs":["https:\/\/www.linkedin.com\/company\/cesyco\/","https:\/\/www.youtube.com\/@cesyco"],"email":"info@cesyco.com","telephone":"0160810500","legalName":"CESYCO","vatID":"FR65450338652","taxID":"45033865200024","numberOfEmployees":{"@type":"QuantitativeValue","minValue":"11","maxValue":"50"}}]}},"jetpack_sharing_enabled":true,"jetpack_shortlink":"https:\/\/wp.me\/PgdVRH-14PUL0","_links":{"self":[{"href":"https:\/\/www.cesyco.com\/es\/wp-json\/wp\/v2\/pages\/987611082","targetHints":{"allow":["GET"]}}],"collection":[{"href":"https:\/\/www.cesyco.com\/es\/wp-json\/wp\/v2\/pages"}],"about":[{"href":"https:\/\/www.cesyco.com\/es\/wp-json\/wp\/v2\/types\/page"}],"author":[{"embeddable":true,"href":"https:\/\/www.cesyco.com\/es\/wp-json\/wp\/v2\/users\/6"}],"replies":[{"embeddable":true,"href":"https:\/\/www.cesyco.com\/es\/wp-json\/wp\/v2\/comments?post=987611082"}],"version-history":[{"count":2,"href":"https:\/\/www.cesyco.com\/es\/wp-json\/wp\/v2\/pages\/987611082\/revisions"}],"predecessor-version":[{"id":987617997,"href":"https:\/\/www.cesyco.com\/es\/wp-json\/wp\/v2\/pages\/987611082\/revisions\/987617997"}],"wp:attachment":[{"href":"https:\/\/www.cesyco.com\/es\/wp-json\/wp\/v2\/media?parent=987611082"}],"curies":[{"name":"wp","href":"https:\/\/api.w.org\/{rel}","templated":true}]}}